{"id":990,"date":"2026-01-15T14:52:31","date_gmt":"2026-01-15T14:52:31","guid":{"rendered":"https:\/\/cjwaxingacademy.com\/contacto\/"},"modified":"2026-03-20T20:36:09","modified_gmt":"2026-03-20T20:36:09","slug":"contato","status":"publish","type":"page","link":"https:\/\/cjwaxingacademy.com\/pt-br\/contato\/","title":{"rendered":"Contato"},"content":{"rendered":"<p>[et_pb_section fb_built=&#8221;1&#8243; _builder_version=&#8221;4.16&#8243; _module_preset=&#8221;default&#8221; background_color=&#8221;#ffffff&#8221; custom_padding=&#8221;100px||60px||false|false&#8221; global_colors_info=&#8221;{}&#8221;][et_pb_row _builder_version=&#8221;4.16&#8243; _module_preset=&#8221;default&#8221; global_colors_info=&#8221;{}&#8221;][et_pb_column type=&#8221;4_4&#8243; _builder_version=&#8221;4.16&#8243; _module_preset=&#8221;default&#8221; global_colors_info=&#8221;{}&#8221;][et_pb_text _builder_version=&#8221;4.27.5&#8243; _module_preset=&#8221;default&#8221; text_font=&#8221;|600|||||||&#8221; text_text_color=&#8221;#df107a&#8221; text_font_size=&#8221;11px&#8221; text_letter_spacing=&#8221;2px&#8221; text_orientation=&#8221;center&#8221; custom_margin=&#8221;||10px||false|false&#8221; global_colors_info=&#8221;{}&#8221;]<\/p>\n<p>FALE CONOSCO<\/p>\n<p>[\/et_pb_text][et_pb_text _builder_version=&#8221;4.27.5&#8243; _module_preset=&#8221;default&#8221; header_font=&#8221;|&#8211;et_global_heading_font_weight|||||||&#8221; header_text_color=&#8221;#141414&#8243; header_font_size=&#8221;48px&#8221; text_orientation=&#8221;center&#8221; custom_margin=&#8221;||25px||false|false&#8221; header_font_size_tablet=&#8221;38px&#8221; header_font_size_phone=&#8221;32px&#8221; header_font_size_last_edited=&#8221;on|phone&#8221; global_colors_info=&#8221;{}&#8221;]<\/p>\n<h1>Entre em <span style=\"color: #df107a;\">Contato<\/span><\/h1>\n<p>[\/et_pb_text][et_pb_text _builder_version=&#8221;4.27.5&#8243; _module_preset=&#8221;default&#8221; text_font=&#8221;|&#8211;et_global_body_font_weight|||||||&#8221; text_text_color=&#8221;#555555&#8243; text_orientation=&#8221;center&#8221; max_width=&#8221;600px&#8221; module_alignment=&#8221;center&#8221; global_colors_info=&#8221;{}&#8221;]<\/p>\n<p>Tem d\u00favidas sobre nossos cursos ou precisa de mais informa\u00e7\u00f5es? Estamos aqui para ajud\u00e1-lo a come\u00e7ar sua jornada profissional.<\/p>\n<p>[\/et_pb_text][\/et_pb_column][\/et_pb_row][\/et_pb_section][et_pb_section fb_built=&#8221;1&#8243; _builder_version=&#8221;4.16&#8243; _module_preset=&#8221;default&#8221; background_color=&#8221;#ffffff&#8221; custom_padding=&#8221;60px||90px||false|false&#8221; global_colors_info=&#8221;{}&#8221;][et_pb_row column_structure=&#8221;1_2,1_2&#8243; _builder_version=&#8221;4.16&#8243; _module_preset=&#8221;default&#8221; global_colors_info=&#8221;{}&#8221;][et_pb_column type=&#8221;1_2&#8243; _builder_version=&#8221;4.16&#8243; _module_preset=&#8221;default&#8221; global_colors_info=&#8221;{}&#8221;][et_pb_text _builder_version=&#8221;4.27.5&#8243; _module_preset=&#8221;default&#8221; header_3_font=&#8221;|&#8211;et_global_heading_font_weight|||||||&#8221; header_3_text_color=&#8221;#333333&#8243; custom_margin=&#8221;||30px||false|false&#8221; global_colors_info=&#8221;{}&#8221;]<\/p>\n<h3>Informa\u00e7\u00f5es de Contato<\/h3>\n<p>[\/et_pb_text][et_pb_blurb title=&#8221;E-mail&#8221; url=&#8221;mailto:support@cjwaxingacademy.com&#8221; use_icon=&#8221;on&#8221; font_icon=&#8221;&#xe076;||divi||400&#8243; icon_placement=&#8221;left&#8221; _builder_version=&#8221;4.27.5&#8243; _module_preset=&#8221;default&#8221; header_font=&#8221;|&#8211;et_global_heading_font_weight|||||||&#8221; header_text_color=&#8221;#333333&#8243; header_font_size=&#8221;16px&#8221; body_font=&#8221;|&#8211;et_global_body_font_weight|||||||&#8221; body_text_color=&#8221;#555555&#8243; body_font_size=&#8221;14px&#8221; custom_margin=&#8221;||25px||false|false&#8221; global_colors_info=&#8221;{}&#8221;]<\/p>\n<p>support@cjwaxingacademy.com<\/p>\n<p>[\/et_pb_blurb][et_pb_blurb title=&#8221;Plataforma&#8221; use_icon=&#8221;on&#8221; font_icon=&#8221;&#xe07c;||divi||400&#8243; icon_placement=&#8221;left&#8221; _builder_version=&#8221;4.27.5&#8243; _module_preset=&#8221;default&#8221; header_font=&#8221;|&#8211;et_global_heading_font_weight|||||||&#8221; header_text_color=&#8221;#333333&#8243; header_font_size=&#8221;16px&#8221; body_font=&#8221;|&#8211;et_global_body_font_weight|||||||&#8221; body_text_color=&#8221;#555555&#8243; body_font_size=&#8221;14px&#8221; custom_margin=&#8221;||25px||false|false&#8221; global_colors_info=&#8221;{}&#8221;]<\/p>\n<p>100% Online \u2022 Acesso Seguro \u2022 Estude em Qualquer Lugar<\/p>\n<p>[\/et_pb_blurb][et_pb_blurb title=&#8221;Internacional&#8221; use_icon=&#8221;on&#8221; font_icon=&#8221;&#xe0e3;||divi||400&#8243; icon_placement=&#8221;left&#8221; _builder_version=&#8221;4.27.5&#8243; _module_preset=&#8221;default&#8221; header_font=&#8221;|&#8211;et_global_heading_font_weight|||||||&#8221; header_text_color=&#8221;#333333&#8243; header_font_size=&#8221;16px&#8221; body_font=&#8221;|&#8211;et_global_body_font_weight|||||||&#8221; body_text_color=&#8221;#555555&#8243; body_font_size=&#8221;14px&#8221; custom_margin=&#8221;||25px||false|false&#8221; global_colors_info=&#8221;{}&#8221;]<\/p>\n<p>Dispon\u00edvel em qualquer pa\u00eds do mundo<\/p>\n<p>[\/et_pb_blurb][et_pb_text _builder_version=&#8221;4.27.5&#8243; _module_preset=&#8221;default&#8221; text_font=&#8221;|&#8211;et_global_body_font_weight|||||||&#8221; text_text_color=&#8221;#555555&#8243; background_color=&#8221;#ffdce3&#8243; custom_padding=&#8221;25px|25px|25px|25px|true|true&#8221; global_colors_info=&#8221;{}&#8221;]<\/p>\n<p><span style=\"color: #df107a; font-weight: 600;\">Tempo de Resposta:<\/span> Nosso objetivo \u00e9 responder a todas as solicita\u00e7\u00f5es dentro de 24-48 horas \u00fateis.<\/p>\n<p>[\/et_pb_text][\/et_pb_column][et_pb_column type=&#8221;1_2&#8243; _builder_version=&#8221;4.16&#8243; _module_preset=&#8221;default&#8221; global_colors_info=&#8221;{}&#8221;][et_pb_text _builder_version=&#8221;4.27.5&#8243; _module_preset=&#8221;default&#8221; header_3_font=&#8221;|&#8211;et_global_heading_font_weight|||||||&#8221; header_3_text_color=&#8221;#333333&#8243; custom_margin=&#8221;||30px||false|false&#8221; global_colors_info=&#8221;{}&#8221;]<\/p>\n<h3>Envie-nos uma Mensagem<\/h3>\n<p>[\/et_pb_text][et_pb_contact_form email=&#8221;support@cjwaxingacademy.com&#8221; success_message=&#8221;Obrigado pela sua mensagem. Retornaremos em breve!&#8221; _builder_version=&#8221;4.27.6&#8243; _module_preset=&#8221;default&#8221; form_field_text_color=&#8221;#333333&#8243; form_field_focus_text_color=&#8221;#333333&#8243; captcha_font=&#8221;|&#8211;et_global_body_font_weight|||||||&#8221; form_field_font=&#8221;|&#8211;et_global_body_font_weight|||||||&#8221; custom_button=&#8221;on&#8221; button_text_size=&#8221;14px&#8221; button_text_color=&#8221;#ffffff&#8221; button_bg_color=&#8221;#df107a&#8221; button_border_width=&#8221;0px&#8221; button_border_radius=&#8221;0px&#8221; button_font=&#8221;|500|||||||&#8221; button_custom_padding=&#8221;14px|36px|14px|36px|true|true&#8221; hover_enabled=&#8221;0&#8243; global_colors_info=&#8221;{}&#8221; button_bg_color__hover_enabled=&#8221;on|hover&#8221; button_bg_color__hover=&#8221;#c00d6a&#8221; button_bg_enable_color__hover=&#8221;on&#8221; use_spam_service=&#8221;on&#8221; recaptcha_list=&#8221;Default|Default-0&#8243; sticky_enabled=&#8221;0&#8243;][et_pb_contact_field field_id=&#8221;Nome&#8221; field_title=&#8221;Nome&#8221; _builder_version=&#8221;4.27.5&#8243; global_colors_info=&#8221;{}&#8221; button_text_size__hover_enabled=&#8221;off&#8221; button_one_text_size__hover_enabled=&#8221;off&#8221; button_two_text_size__hover_enabled=&#8221;off&#8221; button_text_color__hover_enabled=&#8221;off&#8221; button_one_text_color__hover_enabled=&#8221;off&#8221; button_two_text_color__hover_enabled=&#8221;off&#8221; button_border_width__hover_enabled=&#8221;off&#8221; button_one_border_width__hover_enabled=&#8221;off&#8221; button_two_border_width__hover_enabled=&#8221;off&#8221; button_border_color__hover_enabled=&#8221;off&#8221; button_one_border_color__hover_enabled=&#8221;off&#8221; button_two_border_color__hover_enabled=&#8221;off&#8221; button_border_radius__hover_enabled=&#8221;off&#8221; button_one_border_radius__hover_enabled=&#8221;off&#8221; button_two_border_radius__hover_enabled=&#8221;off&#8221; button_letter_spacing__hover_enabled=&#8221;off&#8221; button_one_letter_spacing__hover_enabled=&#8221;off&#8221; button_two_letter_spacing__hover_enabled=&#8221;off&#8221; button_bg_color__hover_enabled=&#8221;off&#8221; button_one_bg_color__hover_enabled=&#8221;off&#8221; button_two_bg_color__hover_enabled=&#8221;off&#8221;][\/et_pb_contact_field][et_pb_contact_field field_id=&#8221;E-mail&#8221; field_title=&#8221;E-mail&#8221; field_type=&#8221;email&#8221; _builder_version=&#8221;4.27.5&#8243; global_colors_info=&#8221;{}&#8221; button_text_size__hover_enabled=&#8221;off&#8221; button_one_text_size__hover_enabled=&#8221;off&#8221; button_two_text_size__hover_enabled=&#8221;off&#8221; button_text_color__hover_enabled=&#8221;off&#8221; button_one_text_color__hover_enabled=&#8221;off&#8221; button_two_text_color__hover_enabled=&#8221;off&#8221; button_border_width__hover_enabled=&#8221;off&#8221; button_one_border_width__hover_enabled=&#8221;off&#8221; button_two_border_width__hover_enabled=&#8221;off&#8221; button_border_color__hover_enabled=&#8221;off&#8221; button_one_border_color__hover_enabled=&#8221;off&#8221; button_two_border_color__hover_enabled=&#8221;off&#8221; button_border_radius__hover_enabled=&#8221;off&#8221; button_one_border_radius__hover_enabled=&#8221;off&#8221; button_two_border_radius__hover_enabled=&#8221;off&#8221; button_letter_spacing__hover_enabled=&#8221;off&#8221; button_one_letter_spacing__hover_enabled=&#8221;off&#8221; button_two_letter_spacing__hover_enabled=&#8221;off&#8221; button_bg_color__hover_enabled=&#8221;off&#8221; button_one_bg_color__hover_enabled=&#8221;off&#8221; button_two_bg_color__hover_enabled=&#8221;off&#8221;][\/et_pb_contact_field][et_pb_contact_field field_id=&#8221;Assunto&#8221; field_title=&#8221;Assunto&#8221; fullwidth_field=&#8221;on&#8221; _builder_version=&#8221;4.27.5&#8243; global_colors_info=&#8221;{}&#8221; button_text_size__hover_enabled=&#8221;off&#8221; button_one_text_size__hover_enabled=&#8221;off&#8221; button_two_text_size__hover_enabled=&#8221;off&#8221; button_text_color__hover_enabled=&#8221;off&#8221; button_one_text_color__hover_enabled=&#8221;off&#8221; button_two_text_color__hover_enabled=&#8221;off&#8221; button_border_width__hover_enabled=&#8221;off&#8221; button_one_border_width__hover_enabled=&#8221;off&#8221; button_two_border_width__hover_enabled=&#8221;off&#8221; button_border_color__hover_enabled=&#8221;off&#8221; button_one_border_color__hover_enabled=&#8221;off&#8221; button_two_border_color__hover_enabled=&#8221;off&#8221; button_border_radius__hover_enabled=&#8221;off&#8221; button_one_border_radius__hover_enabled=&#8221;off&#8221; button_two_border_radius__hover_enabled=&#8221;off&#8221; button_letter_spacing__hover_enabled=&#8221;off&#8221; button_one_letter_spacing__hover_enabled=&#8221;off&#8221; button_two_letter_spacing__hover_enabled=&#8221;off&#8221; button_bg_color__hover_enabled=&#8221;off&#8221; button_one_bg_color__hover_enabled=&#8221;off&#8221; button_two_bg_color__hover_enabled=&#8221;off&#8221;][\/et_pb_contact_field][et_pb_contact_field field_id=&#8221;Mensagem&#8221; field_title=&#8221;Mensagem&#8221; field_type=&#8221;text&#8221; fullwidth_field=&#8221;on&#8221; _builder_version=&#8221;4.27.5&#8243; global_colors_info=&#8221;{}&#8221; button_text_size__hover_enabled=&#8221;off&#8221; button_one_text_size__hover_enabled=&#8221;off&#8221; button_two_text_size__hover_enabled=&#8221;off&#8221; button_text_color__hover_enabled=&#8221;off&#8221; button_one_text_color__hover_enabled=&#8221;off&#8221; button_two_text_color__hover_enabled=&#8221;off&#8221; button_border_width__hover_enabled=&#8221;off&#8221; button_one_border_width__hover_enabled=&#8221;off&#8221; button_two_border_width__hover_enabled=&#8221;off&#8221; button_border_color__hover_enabled=&#8221;off&#8221; button_one_border_color__hover_enabled=&#8221;off&#8221; button_two_border_color__hover_enabled=&#8221;off&#8221; button_border_radius__hover_enabled=&#8221;off&#8221; button_one_border_radius__hover_enabled=&#8221;off&#8221; button_two_border_radius__hover_enabled=&#8221;off&#8221; button_letter_spacing__hover_enabled=&#8221;off&#8221; button_one_letter_spacing__hover_enabled=&#8221;off&#8221; button_two_letter_spacing__hover_enabled=&#8221;off&#8221; button_bg_color__hover_enabled=&#8221;off&#8221; button_one_bg_color__hover_enabled=&#8221;off&#8221; button_two_bg_color__hover_enabled=&#8221;off&#8221;][\/et_pb_contact_field][\/et_pb_contact_form][\/et_pb_column][\/et_pb_row][\/et_pb_section][et_pb_section fb_built=&#8221;1&#8243; _builder_version=&#8221;4.16&#8243; _module_preset=&#8221;default&#8221; background_color=&#8221;#ffdce3&#8243; custom_padding=&#8221;60px||60px||false|false&#8221; global_colors_info=&#8221;{}&#8221;][et_pb_row _builder_version=&#8221;4.16&#8243; _module_preset=&#8221;default&#8221; max_width=&#8221;800px&#8221; global_colors_info=&#8221;{}&#8221;][et_pb_column type=&#8221;4_4&#8243; _builder_version=&#8221;4.16&#8243; _module_preset=&#8221;default&#8221; global_colors_info=&#8221;{}&#8221;][et_pb_text _builder_version=&#8221;4.27.5&#8243; _module_preset=&#8221;default&#8221; header_3_font=&#8221;|&#8211;et_global_heading_font_weight|||||||&#8221; header_3_text_color=&#8221;#333333&#8243; text_orientation=&#8221;center&#8221; custom_margin=&#8221;||20px||false|false&#8221; global_colors_info=&#8221;{}&#8221;]<\/p>\n<h3>Antes de Entrar em Contato<\/h3>\n<p>[\/et_pb_text][et_pb_text _builder_version=&#8221;4.27.5&#8243; _module_preset=&#8221;default&#8221; text_font=&#8221;|&#8211;et_global_body_font_weight|||||||&#8221; text_text_color=&#8221;#555555&#8243; text_orientation=&#8221;center&#8221; custom_margin=&#8221;||30px||false|false&#8221; global_colors_info=&#8221;{}&#8221;]<\/p>\n<p>Muitas d\u00favidas comuns est\u00e3o respondidas em nossa se\u00e7\u00e3o de Perguntas Frequentes. Voc\u00ea pode encontrar o que procura l\u00e1!<\/p>\n<p>[\/et_pb_text][et_pb_button button_url=&#8221;\/pt-br\/academia\/#faq&#8221; button_text=&#8221;Ver Perguntas Frequentes&#8221; button_alignment=&#8221;center&#8221; _builder_version=&#8221;4.27.5&#8243; _module_preset=&#8221;default&#8221; custom_button=&#8221;on&#8221; button_text_size=&#8221;14px&#8221; button_text_color=&#8221;#333333&#8243; button_bg_color=&#8221;rgba(0,0,0,0)&#8221; button_border_width=&#8221;1px&#8221; button_border_color=&#8221;#333333&#8243; button_border_radius=&#8221;0px&#8221; button_font=&#8221;|500|||||||&#8221; custom_padding=&#8221;14px|36px|14px|36px|true|true&#8221; global_colors_info=&#8221;{}&#8221; button_text_color__hover_enabled=&#8221;on|hover&#8221; button_text_color__hover=&#8221;#ffffff&#8221; button_bg_color__hover_enabled=&#8221;on|hover&#8221; button_bg_color__hover=&#8221;#333333&#8243; button_bg_enable_color__hover=&#8221;on&#8221;][\/et_pb_button][\/et_pb_column][\/et_pb_row][\/et_pb_section][et_pb_section fb_built=&#8221;1&#8243; _builder_version=&#8221;4.16&#8243; _module_preset=&#8221;default&#8221; background_color=&#8221;#ffffff&#8221; custom_padding=&#8221;60px||60px||false|false&#8221; global_colors_info=&#8221;{}&#8221;][et_pb_row _builder_version=&#8221;4.27.5&#8243; _module_preset=&#8221;default&#8221; custom_margin=&#8221;15px||||false|false&#8221; custom_padding=&#8221;0px||||false|false&#8221; global_colors_info=&#8221;{}&#8221;][et_pb_column type=&#8221;4_4&#8243; _builder_version=&#8221;4.27.5&#8243; _module_preset=&#8221;default&#8221; global_colors_info=&#8221;{}&#8221;][et_pb_text _builder_version=&#8221;4.27.5&#8243; _module_preset=&#8221;default&#8221; text_font=&#8221;|&#8211;et_global_body_font_weight|||||||&#8221; text_text_color=&#8221;#555555&#8243; text_font_size=&#8221;13px&#8221; text_orientation=&#8221;center&#8221; global_colors_info=&#8221;{}&#8221;]<\/p>\n<p><a href=\"https:\/\/cjwaxingacademy.com\/pt-br\/politica-de-privacidade\/\" style=\"color:#555555;text-decoration:none;\">Pol\u00edtica de Privacidade<\/a> \u2022 <a href=\"https:\/\/cjwaxingacademy.com\/pt-br\/termos-de-uso\/\" style=\"color:#555555;text-decoration:none;\">Termos de Uso<\/a> \u2022 <a href=\"https:\/\/cjwaxingacademy.com\/pt-br\/politica-de-reembolso\/\" style=\"color:#555555;text-decoration:none;\">Pol\u00edtica de Reembolso<\/a><\/p>\n<p>[\/et_pb_text][\/et_pb_column][\/et_pb_row][\/et_pb_section]<\/p>\n","protected":false},"excerpt":{"rendered":"<p>FALE CONOSCOEntre em ContatoTem d\u00favidas sobre nossos cursos ou precisa de mais informa\u00e7\u00f5es? Estamos aqui para ajud\u00e1-lo a come\u00e7ar sua jornada profissional.Informa\u00e7\u00f5es de Contatosupport@cjwaxingacademy.com100% Online \u2022 Acesso Seguro \u2022 Estude em Qualquer LugarDispon\u00edvel em qualquer pa\u00eds do mundoTempo de Resposta: Nosso objetivo \u00e9 responder a todas as solicita\u00e7\u00f5es dentro de 24-48 horas \u00fateis.Envie-nos uma MensagemAntes [&hellip;]<\/p>\n","protected":false},"author":1,"featured_media":0,"parent":0,"menu_order":0,"comment_status":"closed","ping_status":"closed","template":"","meta":{"_et_pb_use_builder":"on","_et_pb_old_content":"","_et_gb_content_width":"","footnotes":""},"class_list":["post-990","page","type-page","status-publish","hentry"],"yoast_head":"<!-- This site is optimized with the Yoast SEO plugin v27.4 - https:\/\/yoast.com\/product\/yoast-seo-wordpress\/ -->\n<title>Contato - CJ Waxing Academy<\/title>\n<meta name=\"description\" content=\"Entre em contato com a CJ Waxing Academy. D\u00favidas sobre nossos cursos de depila\u00e7\u00e3o online, o M\u00e9todo CJ ou inscri\u00e7\u00e3o? Teremos prazer em ajudar.\" \/>\n<meta name=\"robots\" content=\"index, follow, max-snippet:-1, max-image-preview:large, max-video-preview:-1\" \/>\n<link rel=\"canonical\" href=\"https:\/\/cjwaxingacademy.com\/pt-br\/contato\/\" \/>\n<meta property=\"og:locale\" content=\"pt_BR\" \/>\n<meta property=\"og:type\" content=\"article\" \/>\n<meta property=\"og:title\" content=\"Contato - CJ Waxing Academy\" \/>\n<meta property=\"og:description\" content=\"Entre em contato com a CJ Waxing Academy. D\u00favidas sobre nossos cursos de depila\u00e7\u00e3o online, o M\u00e9todo CJ ou inscri\u00e7\u00e3o? Teremos prazer em ajudar.\" \/>\n<meta property=\"og:url\" content=\"https:\/\/cjwaxingacademy.com\/pt-br\/contato\/\" \/>\n<meta property=\"og:site_name\" content=\"CJ Waxing Academy\" \/>\n<meta property=\"article:modified_time\" content=\"2026-03-20T20:36:09+00:00\" \/>\n<meta property=\"og:image\" content=\"https:\/\/cjwaxingacademy.com\/wp-content\/uploads\/2026\/03\/Social-Share-CJ-Waxing-Academy-resize-Yoast.jpg\" \/>\n\t<meta property=\"og:image:width\" content=\"1200\" \/>\n\t<meta property=\"og:image:height\" content=\"675\" \/>\n\t<meta property=\"og:image:type\" content=\"image\/jpeg\" \/>\n<meta name=\"twitter:card\" content=\"summary_large_image\" \/>\n<meta name=\"twitter:label1\" content=\"Est. tempo de leitura\" \/>\n\t<meta name=\"twitter:data1\" content=\"1 minuto\" \/>\n<script type=\"application\/ld+json\" class=\"yoast-schema-graph\">{\"@context\":\"https:\\\/\\\/schema.org\",\"@graph\":[{\"@type\":\"WebPage\",\"@id\":\"https:\\\/\\\/cjwaxingacademy.com\\\/pt-br\\\/contato\\\/\",\"url\":\"https:\\\/\\\/cjwaxingacademy.com\\\/pt-br\\\/contato\\\/\",\"name\":\"Contato - CJ Waxing Academy\",\"isPartOf\":{\"@id\":\"https:\\\/\\\/cjwaxingacademy.com\\\/pt-br\\\/#website\"},\"datePublished\":\"2026-01-15T14:52:31+00:00\",\"dateModified\":\"2026-03-20T20:36:09+00:00\",\"description\":\"Entre em contato com a CJ Waxing Academy. D\u00favidas sobre nossos cursos de depila\u00e7\u00e3o online, o M\u00e9todo CJ ou inscri\u00e7\u00e3o? Teremos prazer em ajudar.\",\"breadcrumb\":{\"@id\":\"https:\\\/\\\/cjwaxingacademy.com\\\/pt-br\\\/contato\\\/#breadcrumb\"},\"inLanguage\":\"pt-BR\",\"potentialAction\":[{\"@type\":\"ReadAction\",\"target\":[\"https:\\\/\\\/cjwaxingacademy.com\\\/pt-br\\\/contato\\\/\"]}]},{\"@type\":\"BreadcrumbList\",\"@id\":\"https:\\\/\\\/cjwaxingacademy.com\\\/pt-br\\\/contato\\\/#breadcrumb\",\"itemListElement\":[{\"@type\":\"ListItem\",\"position\":1,\"name\":\"Home\",\"item\":\"https:\\\/\\\/cjwaxingacademy.com\\\/pt-br\\\/\"},{\"@type\":\"ListItem\",\"position\":2,\"name\":\"Contato\"}]},{\"@type\":\"WebSite\",\"@id\":\"https:\\\/\\\/cjwaxingacademy.com\\\/pt-br\\\/#website\",\"url\":\"https:\\\/\\\/cjwaxingacademy.com\\\/pt-br\\\/\",\"name\":\"CJ Waxing Academy\",\"description\":\"\",\"publisher\":{\"@id\":\"https:\\\/\\\/cjwaxingacademy.com\\\/pt-br\\\/#organization\"},\"alternateName\":\"Premium Professional Training \u2013 CJ Method\",\"potentialAction\":[{\"@type\":\"SearchAction\",\"target\":{\"@type\":\"EntryPoint\",\"urlTemplate\":\"https:\\\/\\\/cjwaxingacademy.com\\\/pt-br\\\/?s={search_term_string}\"},\"query-input\":{\"@type\":\"PropertyValueSpecification\",\"valueRequired\":true,\"valueName\":\"search_term_string\"}}],\"inLanguage\":\"pt-BR\"},{\"@type\":\"Organization\",\"@id\":\"https:\\\/\\\/cjwaxingacademy.com\\\/pt-br\\\/#organization\",\"name\":\"CJ Waxing Academy\",\"alternateName\":\"Premium Professional Training \u2013 CJ Method\",\"url\":\"https:\\\/\\\/cjwaxingacademy.com\\\/pt-br\\\/\",\"logo\":{\"@type\":\"ImageObject\",\"inLanguage\":\"pt-BR\",\"@id\":\"https:\\\/\\\/cjwaxingacademy.com\\\/pt-br\\\/#\\\/schema\\\/logo\\\/image\\\/\",\"url\":\"https:\\\/\\\/cjwaxingacademy.com\\\/wp-content\\\/uploads\\\/2026\\\/01\\\/Logo-CJ-Waxing-Academy.png\",\"contentUrl\":\"https:\\\/\\\/cjwaxingacademy.com\\\/wp-content\\\/uploads\\\/2026\\\/01\\\/Logo-CJ-Waxing-Academy.png\",\"width\":640,\"height\":638,\"caption\":\"CJ Waxing Academy\"},\"image\":{\"@id\":\"https:\\\/\\\/cjwaxingacademy.com\\\/pt-br\\\/#\\\/schema\\\/logo\\\/image\\\/\"}}]}<\/script>\n<!-- \/ Yoast SEO plugin. -->","yoast_head_json":{"title":"Contato - CJ Waxing Academy","description":"Entre em contato com a CJ Waxing Academy. D\u00favidas sobre nossos cursos de depila\u00e7\u00e3o online, o M\u00e9todo CJ ou inscri\u00e7\u00e3o? Teremos prazer em ajudar.","robots":{"index":"index","follow":"follow","max-snippet":"max-snippet:-1","max-image-preview":"max-image-preview:large","max-video-preview":"max-video-preview:-1"},"canonical":"https:\/\/cjwaxingacademy.com\/pt-br\/contato\/","og_locale":"pt_BR","og_type":"article","og_title":"Contato - CJ Waxing Academy","og_description":"Entre em contato com a CJ Waxing Academy. D\u00favidas sobre nossos cursos de depila\u00e7\u00e3o online, o M\u00e9todo CJ ou inscri\u00e7\u00e3o? Teremos prazer em ajudar.","og_url":"https:\/\/cjwaxingacademy.com\/pt-br\/contato\/","og_site_name":"CJ Waxing Academy","article_modified_time":"2026-03-20T20:36:09+00:00","og_image":[{"width":1200,"height":675,"url":"https:\/\/cjwaxingacademy.com\/wp-content\/uploads\/2026\/03\/Social-Share-CJ-Waxing-Academy-resize-Yoast.jpg","type":"image\/jpeg"}],"twitter_card":"summary_large_image","twitter_misc":{"Est. tempo de leitura":"1 minuto"},"schema":{"@context":"https:\/\/schema.org","@graph":[{"@type":"WebPage","@id":"https:\/\/cjwaxingacademy.com\/pt-br\/contato\/","url":"https:\/\/cjwaxingacademy.com\/pt-br\/contato\/","name":"Contato - CJ Waxing Academy","isPartOf":{"@id":"https:\/\/cjwaxingacademy.com\/pt-br\/#website"},"datePublished":"2026-01-15T14:52:31+00:00","dateModified":"2026-03-20T20:36:09+00:00","description":"Entre em contato com a CJ Waxing Academy. D\u00favidas sobre nossos cursos de depila\u00e7\u00e3o online, o M\u00e9todo CJ ou inscri\u00e7\u00e3o? Teremos prazer em ajudar.","breadcrumb":{"@id":"https:\/\/cjwaxingacademy.com\/pt-br\/contato\/#breadcrumb"},"inLanguage":"pt-BR","potentialAction":[{"@type":"ReadAction","target":["https:\/\/cjwaxingacademy.com\/pt-br\/contato\/"]}]},{"@type":"BreadcrumbList","@id":"https:\/\/cjwaxingacademy.com\/pt-br\/contato\/#breadcrumb","itemListElement":[{"@type":"ListItem","position":1,"name":"Home","item":"https:\/\/cjwaxingacademy.com\/pt-br\/"},{"@type":"ListItem","position":2,"name":"Contato"}]},{"@type":"WebSite","@id":"https:\/\/cjwaxingacademy.com\/pt-br\/#website","url":"https:\/\/cjwaxingacademy.com\/pt-br\/","name":"CJ Waxing Academy","description":"","publisher":{"@id":"https:\/\/cjwaxingacademy.com\/pt-br\/#organization"},"alternateName":"Premium Professional Training \u2013 CJ Method","potentialAction":[{"@type":"SearchAction","target":{"@type":"EntryPoint","urlTemplate":"https:\/\/cjwaxingacademy.com\/pt-br\/?s={search_term_string}"},"query-input":{"@type":"PropertyValueSpecification","valueRequired":true,"valueName":"search_term_string"}}],"inLanguage":"pt-BR"},{"@type":"Organization","@id":"https:\/\/cjwaxingacademy.com\/pt-br\/#organization","name":"CJ Waxing Academy","alternateName":"Premium Professional Training \u2013 CJ Method","url":"https:\/\/cjwaxingacademy.com\/pt-br\/","logo":{"@type":"ImageObject","inLanguage":"pt-BR","@id":"https:\/\/cjwaxingacademy.com\/pt-br\/#\/schema\/logo\/image\/","url":"https:\/\/cjwaxingacademy.com\/wp-content\/uploads\/2026\/01\/Logo-CJ-Waxing-Academy.png","contentUrl":"https:\/\/cjwaxingacademy.com\/wp-content\/uploads\/2026\/01\/Logo-CJ-Waxing-Academy.png","width":640,"height":638,"caption":"CJ Waxing Academy"},"image":{"@id":"https:\/\/cjwaxingacademy.com\/pt-br\/#\/schema\/logo\/image\/"}}]}},"_links":{"self":[{"href":"https:\/\/cjwaxingacademy.com\/pt-br\/wp-json\/wp\/v2\/pages\/990","targetHints":{"allow":["GET"]}}],"collection":[{"href":"https:\/\/cjwaxingacademy.com\/pt-br\/wp-json\/wp\/v2\/pages"}],"about":[{"href":"https:\/\/cjwaxingacademy.com\/pt-br\/wp-json\/wp\/v2\/types\/page"}],"author":[{"embeddable":true,"href":"https:\/\/cjwaxingacademy.com\/pt-br\/wp-json\/wp\/v2\/users\/1"}],"replies":[{"embeddable":true,"href":"https:\/\/cjwaxingacademy.com\/pt-br\/wp-json\/wp\/v2\/comments?post=990"}],"version-history":[{"count":7,"href":"https:\/\/cjwaxingacademy.com\/pt-br\/wp-json\/wp\/v2\/pages\/990\/revisions"}],"predecessor-version":[{"id":1064,"href":"https:\/\/cjwaxingacademy.com\/pt-br\/wp-json\/wp\/v2\/pages\/990\/revisions\/1064"}],"wp:attachment":[{"href":"https:\/\/cjwaxingacademy.com\/pt-br\/wp-json\/wp\/v2\/media?parent=990"}],"curies":[{"name":"wp","href":"https:\/\/api.w.org\/{rel}","templated":true}]}}