{"id":992,"date":"2026-02-04T11:44:28","date_gmt":"2026-02-04T11:44:28","guid":{"rendered":"https:\/\/cjwaxingacademy.com\/politica-de-reembolso\/"},"modified":"2026-03-20T16:33:41","modified_gmt":"2026-03-20T16:33:41","slug":"politica-de-reembolso","status":"publish","type":"page","link":"https:\/\/cjwaxingacademy.com\/pt-br\/politica-de-reembolso\/","title":{"rendered":"Pol\u00edtica de Reembolso"},"content":{"rendered":"<p>[et_pb_section fb_built=&#8221;1&#8243; _builder_version=&#8221;4.16&#8243; _module_preset=&#8221;default&#8221; background_color=&#8221;#ffffff&#8221; custom_padding=&#8221;100px||60px||false|false&#8221; global_colors_info=&#8221;{}&#8221;][et_pb_row _builder_version=&#8221;4.16&#8243; _module_preset=&#8221;default&#8221; global_colors_info=&#8221;{}&#8221;][et_pb_column type=&#8221;4_4&#8243; _builder_version=&#8221;4.16&#8243; _module_preset=&#8221;default&#8221; global_colors_info=&#8221;{}&#8221;][et_pb_text _builder_version=&#8221;4.27.5&#8243; _module_preset=&#8221;default&#8221; header_font=&#8221;|&#8211;et_global_heading_font_weight|||||||&#8221; header_text_color=&#8221;#141414&#8243; header_font_size=&#8221;48px&#8221; text_orientation=&#8221;center&#8221; custom_margin=&#8221;||25px||false|false&#8221; header_font_size_tablet=&#8221;38px&#8221; header_font_size_phone=&#8221;32px&#8221; header_font_size_last_edited=&#8221;on|phone&#8221; global_colors_info=&#8221;{}&#8221;]<\/p>\n<h1>Pol\u00edtica de <span style=\"color: #df107a;\">Reembolso<\/span><\/h1>\n<p>[\/et_pb_text][et_pb_text _builder_version=&#8221;4.27.5&#8243; _module_preset=&#8221;default&#8221; text_font=&#8221;|&#8211;et_global_body_font_weight|||||||&#8221; text_text_color=&#8221;#555555&#8243; text_orientation=&#8221;center&#8221; max_width=&#8221;600px&#8221; module_alignment=&#8221;center&#8221; global_colors_info=&#8221;{}&#8221;]<\/p>\n<p>Por se tratar de produto digital com acesso imediato ao conte\u00fado, a CJWaxing Academy adota regras espec\u00edficas de reembolso.<\/p>\n<p>[\/et_pb_text][\/et_pb_column][\/et_pb_row][\/et_pb_section][et_pb_section fb_built=&#8221;1&#8243; _builder_version=&#8221;4.16&#8243; _module_preset=&#8221;default&#8221; background_color=&#8221;#ffffff&#8221; custom_padding=&#8221;60px||90px||false|false&#8221; global_colors_info=&#8221;{}&#8221;][et_pb_row _builder_version=&#8221;4.16&#8243; _module_preset=&#8221;default&#8221; max_width=&#8221;800px&#8221; global_colors_info=&#8221;{}&#8221;][et_pb_column type=&#8221;4_4&#8243; _builder_version=&#8221;4.16&#8243; _module_preset=&#8221;default&#8221; global_colors_info=&#8221;{}&#8221;][et_pb_text _builder_version=&#8221;4.27.5&#8243; _module_preset=&#8221;default&#8221; header_3_font=&#8221;|&#8211;et_global_heading_font_weight|||||||&#8221; header_3_text_color=&#8221;#333333&#8243; header_3_font_size=&#8221;20px&#8221; custom_margin=&#8221;||15px||false|false&#8221; global_colors_info=&#8221;{}&#8221;]<\/p>\n<h3>1. Sobre reembolsos<\/h3>\n<p>[\/et_pb_text][et_pb_text _builder_version=&#8221;4.27.5&#8243; _module_preset=&#8221;default&#8221; text_font=&#8221;|&#8211;et_global_body_font_weight|||||||&#8221; text_text_color=&#8221;#555555&#8243; custom_margin=&#8221;||20px||false|false&#8221; global_colors_info=&#8221;{}&#8221;]<\/p>\n<p>Por se tratar de produto digital com acesso imediato ao conte\u00fado, a CJWaxing Academy adota as seguintes regras:<\/p>\n<p>[\/et_pb_text][et_pb_text _builder_version=&#8221;4.27.5&#8243; _module_preset=&#8221;default&#8221; text_font=&#8221;|&#8211;et_global_body_font_weight|||||||&#8221; text_text_color=&#8221;#555555&#8243; background_color=&#8221;#ffdce3&#8243; custom_margin=&#8221;||30px||false|false&#8221; custom_padding=&#8221;20px|25px|20px|25px|true|true&#8221; global_colors_info=&#8221;{}&#8221;]<\/p>\n<p><span style=\"color: #df107a; font-weight: 600;\">\u2713 Reembolso em at\u00e9 7 dias<\/span><\/p>\n<p style=\"margin-top:10px;\">Conforme o C\u00f3digo de Defesa do Consumidor, alunas que adquirirem o curso e n\u00e3o utilizarem mais de 20% do conte\u00fado podem solicitar reembolso em at\u00e9 7 dias ap\u00f3s a compra.<\/p>\n<p>[\/et_pb_text][et_pb_text _builder_version=&#8221;4.27.5&#8243; _module_preset=&#8221;default&#8221; header_3_font=&#8221;|&#8211;et_global_heading_font_weight|||||||&#8221; header_3_text_color=&#8221;#333333&#8243; header_3_font_size=&#8221;20px&#8221; custom_margin=&#8221;||15px||false|false&#8221; global_colors_info=&#8221;{}&#8221;]<\/p>\n<h3>2. N\u00e3o h\u00e1 reembolso ap\u00f3s<\/h3>\n<p>[\/et_pb_text][et_pb_text _builder_version=&#8221;4.27.5&#8243; _module_preset=&#8221;default&#8221; text_font=&#8221;|&#8211;et_global_body_font_weight|||||||&#8221; text_text_color=&#8221;#555555&#8243; custom_margin=&#8221;||30px||false|false&#8221; global_colors_info=&#8221;{}&#8221;]<\/p>\n<p>N\u00e3o h\u00e1 reembolso ap\u00f3s:<\/p>\n<p style=\"margin-top:10px;\">\u2022 7 dias da compra<\/p>\n<p>\u2022 Acesso a mais de 20% das aulas<\/p>\n<p>\u2022 Download de materiais<\/p>\n<p>\u2022 Conclus\u00e3o ou avan\u00e7o significativo do curso<\/p>\n<p>[\/et_pb_text][et_pb_text _builder_version=&#8221;4.27.5&#8243; _module_preset=&#8221;default&#8221; header_3_font=&#8221;|&#8211;et_global_heading_font_weight|||||||&#8221; header_3_text_color=&#8221;#333333&#8243; header_3_font_size=&#8221;20px&#8221; custom_margin=&#8221;||15px||false|false&#8221; global_colors_info=&#8221;{}&#8221;]<\/p>\n<h3>3. Como solicitar<\/h3>\n<p>[\/et_pb_text][et_pb_text _builder_version=&#8221;4.27.5&#8243; _module_preset=&#8221;default&#8221; text_font=&#8221;|&#8211;et_global_body_font_weight|||||||&#8221; text_text_color=&#8221;#555555&#8243; custom_margin=&#8221;||30px||false|false&#8221; global_colors_info=&#8221;{}&#8221;]<\/p>\n<p>O pedido deve ser enviado para o e-mail oficial: <span style=\"color: #df107a; font-weight: 500;\">support@cjwaxingacademy.com<\/span><\/p>\n<p>[\/et_pb_text][et_pb_text _builder_version=&#8221;4.27.5&#8243; _module_preset=&#8221;default&#8221; header_3_font=&#8221;|&#8211;et_global_heading_font_weight|||||||&#8221; header_3_text_color=&#8221;#333333&#8243; header_3_font_size=&#8221;20px&#8221; custom_margin=&#8221;||15px||false|false&#8221; global_colors_info=&#8221;{}&#8221;]<\/p>\n<h3>4. Casos n\u00e3o eleg\u00edveis<\/h3>\n<p>[\/et_pb_text][et_pb_text _builder_version=&#8221;4.27.5&#8243; _module_preset=&#8221;default&#8221; text_font=&#8221;|&#8211;et_global_body_font_weight|||||||&#8221; text_text_color=&#8221;#555555&#8243; custom_margin=&#8221;||30px||false|false&#8221; global_colors_info=&#8221;{}&#8221;]<\/p>\n<p>N\u00e3o s\u00e3o aceitos pedidos de reembolso por:<\/p>\n<p style=\"margin-top:10px;\">\u2022 Falta de tempo para estudar<\/p>\n<p>\u2022 Mudan\u00e7a de prefer\u00eancia<\/p>\n<p>\u2022 Dificuldade t\u00e9cnica do pr\u00f3prio dispositivo<\/p>\n<p>\u2022 Desist\u00eancia ap\u00f3s consumir parte do conte\u00fado<\/p>\n<p>\u2022 Tentativa de abuso da pol\u00edtica<\/p>\n<p>[\/et_pb_text][et_pb_text _builder_version=&#8221;4.27.5&#8243; _module_preset=&#8221;default&#8221; header_3_font=&#8221;|&#8211;et_global_heading_font_weight|||||||&#8221; header_3_text_color=&#8221;#333333&#8243; header_3_font_size=&#8221;20px&#8221; custom_margin=&#8221;||15px||false|false&#8221; global_colors_info=&#8221;{}&#8221;]<\/p>\n<h3>5. Acesso ap\u00f3s reembolso<\/h3>\n<p>[\/et_pb_text][et_pb_text _builder_version=&#8221;4.27.5&#8243; _module_preset=&#8221;default&#8221; text_font=&#8221;|&#8211;et_global_body_font_weight|||||||&#8221; text_text_color=&#8221;#555555&#8243; global_colors_info=&#8221;{}&#8221;]<\/p>\n<p>Se aprovado, o acesso ao curso \u00e9 removido imediatamente.<\/p>\n<p>[\/et_pb_text][\/et_pb_column][\/et_pb_row][\/et_pb_section][et_pb_section fb_built=&#8221;1&#8243; _builder_version=&#8221;4.16&#8243; _module_preset=&#8221;default&#8221; background_color=&#8221;#ffdce3&#8243; custom_padding=&#8221;60px||60px||false|false&#8221; global_colors_info=&#8221;{}&#8221;][et_pb_row _builder_version=&#8221;4.16&#8243; _module_preset=&#8221;default&#8221; max_width=&#8221;700px&#8221; global_colors_info=&#8221;{}&#8221;][et_pb_column type=&#8221;4_4&#8243; _builder_version=&#8221;4.16&#8243; _module_preset=&#8221;default&#8221; global_colors_info=&#8221;{}&#8221;][et_pb_text _builder_version=&#8221;4.27.5&#8243; _module_preset=&#8221;default&#8221; header_3_font=&#8221;|&#8211;et_global_heading_font_weight|||||||&#8221; header_3_text_color=&#8221;#333333&#8243; text_orientation=&#8221;center&#8221; custom_margin=&#8221;||20px||false|false&#8221; global_colors_info=&#8221;{}&#8221;]<\/p>\n<h3>D\u00favidas Sobre Reembolso?<\/h3>\n<p>[\/et_pb_text][et_pb_text _builder_version=&#8221;4.27.5&#8243; _module_preset=&#8221;default&#8221; text_font=&#8221;|&#8211;et_global_body_font_weight|||||||&#8221; text_text_color=&#8221;#555555&#8243; text_orientation=&#8221;center&#8221; custom_margin=&#8221;||30px||false|false&#8221; global_colors_info=&#8221;{}&#8221;]<\/p>\n<p>Se voc\u00ea tiver alguma d\u00favida sobre nossa pol\u00edtica de reembolso, entre em contato com nossa equipe de suporte.<\/p>\n<p>[\/et_pb_text][et_pb_button button_url=&#8221;\/pt-br\/contato\/&#8221; button_text=&#8221;Contatar Suporte&#8221; button_alignment=&#8221;center&#8221; _builder_version=&#8221;4.27.5&#8243; _module_preset=&#8221;default&#8221; custom_button=&#8221;on&#8221; button_text_size=&#8221;14px&#8221; button_text_color=&#8221;#ffffff&#8221; button_bg_color=&#8221;#df107a&#8221; button_border_width=&#8221;0px&#8221; button_border_radius=&#8221;0px&#8221; button_font=&#8221;|500|||||||&#8221; custom_padding=&#8221;14px|36px|14px|36px|true|true&#8221; global_colors_info=&#8221;{}&#8221; button_bg_color__hover_enabled=&#8221;on|hover&#8221; button_bg_color__hover=&#8221;#c00d6a&#8221; button_bg_enable_color__hover=&#8221;on&#8221;][\/et_pb_button][\/et_pb_column][\/et_pb_row][\/et_pb_section][et_pb_section fb_built=&#8221;1&#8243; _builder_version=&#8221;4.16&#8243; _module_preset=&#8221;default&#8221; background_color=&#8221;#ffffff&#8221; custom_padding=&#8221;60px||4px||false|false&#8221; global_colors_info=&#8221;{}&#8221;][et_pb_row column_structure=&#8221;1_3,1_3,1_3&#8243; _builder_version=&#8221;4.16&#8243; _module_preset=&#8221;default&#8221; global_colors_info=&#8221;{}&#8221;][et_pb_column type=&#8221;1_3&#8243; _builder_version=&#8221;4.16&#8243; _module_preset=&#8221;default&#8221; global_colors_info=&#8221;{}&#8221;][et_pb_blurb title=&#8221;E-mail&#8221; use_icon=&#8221;on&#8221; font_icon=&#8221;&#xe076;||divi||400&#8243; icon_placement=&#8221;left&#8221; url=&#8221;mailto:support@cjwaxingacademy.com&#8221; _builder_version=&#8221;4.27.5&#8243; _module_preset=&#8221;default&#8221; header_font=&#8221;|&#8211;et_global_heading_font_weight|||||||&#8221; header_text_color=&#8221;#333333&#8243; header_font_size=&#8221;14px&#8221; body_font=&#8221;|&#8211;et_global_body_font_weight|||||||&#8221; body_text_color=&#8221;#555555&#8243; body_font_size=&#8221;14px&#8221; body_line_height=&#8221;1.6em&#8221; global_colors_info=&#8221;{}&#8221;]support@cjwaxingacademy.com[\/et_pb_blurb][\/et_pb_column][et_pb_column type=&#8221;1_3&#8243; _builder_version=&#8221;4.16&#8243; _module_preset=&#8221;default&#8221; global_colors_info=&#8221;{}&#8221;][et_pb_blurb title=&#8221;Plataforma&#8221; use_icon=&#8221;on&#8221; font_icon=&#8221;&#xe07c;||divi||400&#8243; icon_placement=&#8221;left&#8221; _builder_version=&#8221;4.27.5&#8243; _module_preset=&#8221;default&#8221; header_font=&#8221;|&#8211;et_global_heading_font_weight|||||||&#8221; header_text_color=&#8221;#333333&#8243; header_font_size=&#8221;14px&#8221; body_font=&#8221;|&#8211;et_global_body_font_weight|||||||&#8221; body_text_color=&#8221;#555555&#8243; body_font_size=&#8221;14px&#8221; global_colors_info=&#8221;{}&#8221;]<\/p>\n<p>100% Online \u2022 Acesso Seguro<\/p>\n<p>[\/et_pb_blurb][\/et_pb_column][et_pb_column type=&#8221;1_3&#8243; _builder_version=&#8221;4.16&#8243; _module_preset=&#8221;default&#8221; global_colors_info=&#8221;{}&#8221;][et_pb_blurb title=&#8221;Internacional&#8221; use_icon=&#8221;on&#8221; font_icon=&#8221;&#xe0e3;||divi||400&#8243; icon_placement=&#8221;left&#8221; _builder_version=&#8221;4.27.5&#8243; _module_preset=&#8221;default&#8221; header_font=&#8221;|&#8211;et_global_heading_font_weight|||||||&#8221; header_text_color=&#8221;#333333&#8243; header_font_size=&#8221;14px&#8221; body_font=&#8221;|&#8211;et_global_body_font_weight|||||||&#8221; body_text_color=&#8221;#555555&#8243; body_font_size=&#8221;14px&#8221; body_line_height=&#8221;1.6em&#8221; global_colors_info=&#8221;{}&#8221;]<\/p>\n<p>Dispon\u00edvel em qualquer pa\u00eds do mundo<\/p>\n<p>[\/et_pb_blurb][\/et_pb_column][\/et_pb_row][et_pb_row _builder_version=&#8221;4.27.5&#8243; _module_preset=&#8221;default&#8221; custom_margin=&#8221;15px||||false|false&#8221; custom_padding=&#8221;0px||||false|false&#8221; global_colors_info=&#8221;{}&#8221;][et_pb_column type=&#8221;4_4&#8243; _builder_version=&#8221;4.27.5&#8243; _module_preset=&#8221;default&#8221; global_colors_info=&#8221;{}&#8221;][et_pb_text _builder_version=&#8221;4.27.5&#8243; _module_preset=&#8221;default&#8221; text_font=&#8221;|&#8211;et_global_body_font_weight|||||||&#8221; text_text_color=&#8221;#555555&#8243; text_font_size=&#8221;13px&#8221; text_orientation=&#8221;center&#8221; global_colors_info=&#8221;{}&#8221;]<\/p>\n<p><a href=\"https:\/\/cjwaxingacademy.com\/pt-br\/politica-de-privacidade\/\" style=\"color:#555555;text-decoration:none;\">Pol\u00edtica de Privacidade<\/a> \u2022 <a href=\"https:\/\/cjwaxingacademy.com\/pt-br\/termos-de-uso\/\" style=\"color:#555555;text-decoration:none;\">Termos de Uso<\/a> \u2022 <a href=\"https:\/\/cjwaxingacademy.com\/pt-br\/politica-de-reembolso\/\" style=\"color:#555555;text-decoration:none;\">Pol\u00edtica de Reembolso<\/a><\/p>\n<p>[\/et_pb_text][\/et_pb_column][\/et_pb_row][\/et_pb_section]<\/p>\n","protected":false},"excerpt":{"rendered":"<p>Pol\u00edtica de ReembolsoPor se tratar de produto digital com acesso imediato ao conte\u00fado, a CJWaxing Academy adota regras espec\u00edficas de reembolso.1. Sobre reembolsosPor se tratar de produto digital com acesso imediato ao conte\u00fado, a CJWaxing Academy adota as seguintes regras:\u2713 Reembolso em at\u00e9 7 diasConforme o C\u00f3digo de Defesa do Consumidor, alunas que adquirirem o [&hellip;]<\/p>\n","protected":false},"author":1,"featured_media":0,"parent":0,"menu_order":0,"comment_status":"closed","ping_status":"closed","template":"","meta":{"_et_pb_use_builder":"on","_et_pb_old_content":"","_et_gb_content_width":"","footnotes":""},"class_list":["post-992","page","type-page","status-publish","hentry"],"yoast_head":"<!-- This site is optimized with the Yoast SEO plugin v27.4 - https:\/\/yoast.com\/product\/yoast-seo-wordpress\/ -->\n<title>Pol\u00edtica de Reembolso - CJ Waxing Academy<\/title>\n<meta name=\"description\" content=\"CJ Waxing Academy - Premium Professional Training \u2013 CJ Method - European Standard of Excellence in Waxing. Online Training. This is not just technique. It is method. It is CJ standard.\" \/>\n<meta name=\"robots\" content=\"noindex, nofollow\" \/>\n<meta property=\"og:locale\" content=\"pt_BR\" \/>\n<meta property=\"og:type\" content=\"article\" \/>\n<meta property=\"og:title\" content=\"Pol\u00edtica de Reembolso - CJ Waxing Academy\" \/>\n<meta property=\"og:description\" content=\"CJ Waxing Academy - Premium Professional Training \u2013 CJ Method - European Standard of Excellence in Waxing. Online Training. This is not just technique. It is method. It is CJ standard.\" \/>\n<meta property=\"og:url\" content=\"https:\/\/cjwaxingacademy.com\/pt-br\/politica-de-reembolso\/\" \/>\n<meta property=\"og:site_name\" content=\"CJ Waxing Academy\" \/>\n<meta property=\"article:modified_time\" content=\"2026-03-20T16:33:41+00:00\" \/>\n<meta property=\"og:image\" content=\"https:\/\/cjwaxingacademy.com\/wp-content\/uploads\/2026\/03\/Social-Share-CJ-Waxing-Academy-resize-Yoast.jpg\" \/>\n\t<meta property=\"og:image:width\" content=\"1200\" \/>\n\t<meta property=\"og:image:height\" content=\"675\" \/>\n\t<meta property=\"og:image:type\" content=\"image\/jpeg\" \/>\n<meta name=\"twitter:card\" content=\"summary_large_image\" \/>\n<meta name=\"twitter:label1\" content=\"Est. tempo de leitura\" \/>\n\t<meta name=\"twitter:data1\" content=\"7 minutos\" \/>\n<script type=\"application\/ld+json\" class=\"yoast-schema-graph\">{\"@context\":\"https:\\\/\\\/schema.org\",\"@graph\":[{\"@type\":\"WebPage\",\"@id\":\"https:\\\/\\\/cjwaxingacademy.com\\\/pt-br\\\/politica-de-reembolso\\\/\",\"url\":\"https:\\\/\\\/cjwaxingacademy.com\\\/pt-br\\\/politica-de-reembolso\\\/\",\"name\":\"Pol\u00edtica de Reembolso - CJ Waxing Academy\",\"isPartOf\":{\"@id\":\"https:\\\/\\\/cjwaxingacademy.com\\\/pt-br\\\/#website\"},\"datePublished\":\"2026-02-04T11:44:28+00:00\",\"dateModified\":\"2026-03-20T16:33:41+00:00\",\"description\":\"CJ Waxing Academy - Premium Professional Training \u2013 CJ Method - European Standard of Excellence in Waxing. Online Training. This is not just technique. It is method. It is CJ standard.\",\"breadcrumb\":{\"@id\":\"https:\\\/\\\/cjwaxingacademy.com\\\/pt-br\\\/politica-de-reembolso\\\/#breadcrumb\"},\"inLanguage\":\"pt-BR\",\"potentialAction\":[{\"@type\":\"ReadAction\",\"target\":[\"https:\\\/\\\/cjwaxingacademy.com\\\/pt-br\\\/politica-de-reembolso\\\/\"]}]},{\"@type\":\"BreadcrumbList\",\"@id\":\"https:\\\/\\\/cjwaxingacademy.com\\\/pt-br\\\/politica-de-reembolso\\\/#breadcrumb\",\"itemListElement\":[{\"@type\":\"ListItem\",\"position\":1,\"name\":\"Home\",\"item\":\"https:\\\/\\\/cjwaxingacademy.com\\\/pt-br\\\/\"},{\"@type\":\"ListItem\",\"position\":2,\"name\":\"Pol\u00edtica de Reembolso\"}]},{\"@type\":\"WebSite\",\"@id\":\"https:\\\/\\\/cjwaxingacademy.com\\\/pt-br\\\/#website\",\"url\":\"https:\\\/\\\/cjwaxingacademy.com\\\/pt-br\\\/\",\"name\":\"CJ Waxing Academy\",\"description\":\"\",\"publisher\":{\"@id\":\"https:\\\/\\\/cjwaxingacademy.com\\\/pt-br\\\/#organization\"},\"alternateName\":\"Premium Professional Training \u2013 CJ Method\",\"potentialAction\":[{\"@type\":\"SearchAction\",\"target\":{\"@type\":\"EntryPoint\",\"urlTemplate\":\"https:\\\/\\\/cjwaxingacademy.com\\\/pt-br\\\/?s={search_term_string}\"},\"query-input\":{\"@type\":\"PropertyValueSpecification\",\"valueRequired\":true,\"valueName\":\"search_term_string\"}}],\"inLanguage\":\"pt-BR\"},{\"@type\":\"Organization\",\"@id\":\"https:\\\/\\\/cjwaxingacademy.com\\\/pt-br\\\/#organization\",\"name\":\"CJ Waxing Academy\",\"alternateName\":\"Premium Professional Training \u2013 CJ Method\",\"url\":\"https:\\\/\\\/cjwaxingacademy.com\\\/pt-br\\\/\",\"logo\":{\"@type\":\"ImageObject\",\"inLanguage\":\"pt-BR\",\"@id\":\"https:\\\/\\\/cjwaxingacademy.com\\\/pt-br\\\/#\\\/schema\\\/logo\\\/image\\\/\",\"url\":\"https:\\\/\\\/cjwaxingacademy.com\\\/wp-content\\\/uploads\\\/2026\\\/01\\\/Logo-CJ-Waxing-Academy.png\",\"contentUrl\":\"https:\\\/\\\/cjwaxingacademy.com\\\/wp-content\\\/uploads\\\/2026\\\/01\\\/Logo-CJ-Waxing-Academy.png\",\"width\":640,\"height\":638,\"caption\":\"CJ Waxing Academy\"},\"image\":{\"@id\":\"https:\\\/\\\/cjwaxingacademy.com\\\/pt-br\\\/#\\\/schema\\\/logo\\\/image\\\/\"}}]}<\/script>\n<!-- \/ Yoast SEO plugin. -->","yoast_head_json":{"title":"Pol\u00edtica de Reembolso - CJ Waxing Academy","description":"CJ Waxing Academy - Premium Professional Training \u2013 CJ Method - European Standard of Excellence in Waxing. Online Training. This is not just technique. It is method. It is CJ standard.","robots":{"index":"noindex","follow":"nofollow"},"og_locale":"pt_BR","og_type":"article","og_title":"Pol\u00edtica de Reembolso - CJ Waxing Academy","og_description":"CJ Waxing Academy - Premium Professional Training \u2013 CJ Method - European Standard of Excellence in Waxing. Online Training. This is not just technique. It is method. It is CJ standard.","og_url":"https:\/\/cjwaxingacademy.com\/pt-br\/politica-de-reembolso\/","og_site_name":"CJ Waxing Academy","article_modified_time":"2026-03-20T16:33:41+00:00","og_image":[{"width":1200,"height":675,"url":"https:\/\/cjwaxingacademy.com\/wp-content\/uploads\/2026\/03\/Social-Share-CJ-Waxing-Academy-resize-Yoast.jpg","type":"image\/jpeg"}],"twitter_card":"summary_large_image","twitter_misc":{"Est. tempo de leitura":"7 minutos"},"schema":{"@context":"https:\/\/schema.org","@graph":[{"@type":"WebPage","@id":"https:\/\/cjwaxingacademy.com\/pt-br\/politica-de-reembolso\/","url":"https:\/\/cjwaxingacademy.com\/pt-br\/politica-de-reembolso\/","name":"Pol\u00edtica de Reembolso - CJ Waxing Academy","isPartOf":{"@id":"https:\/\/cjwaxingacademy.com\/pt-br\/#website"},"datePublished":"2026-02-04T11:44:28+00:00","dateModified":"2026-03-20T16:33:41+00:00","description":"CJ Waxing Academy - Premium Professional Training \u2013 CJ Method - European Standard of Excellence in Waxing. Online Training. This is not just technique. It is method. It is CJ standard.","breadcrumb":{"@id":"https:\/\/cjwaxingacademy.com\/pt-br\/politica-de-reembolso\/#breadcrumb"},"inLanguage":"pt-BR","potentialAction":[{"@type":"ReadAction","target":["https:\/\/cjwaxingacademy.com\/pt-br\/politica-de-reembolso\/"]}]},{"@type":"BreadcrumbList","@id":"https:\/\/cjwaxingacademy.com\/pt-br\/politica-de-reembolso\/#breadcrumb","itemListElement":[{"@type":"ListItem","position":1,"name":"Home","item":"https:\/\/cjwaxingacademy.com\/pt-br\/"},{"@type":"ListItem","position":2,"name":"Pol\u00edtica de Reembolso"}]},{"@type":"WebSite","@id":"https:\/\/cjwaxingacademy.com\/pt-br\/#website","url":"https:\/\/cjwaxingacademy.com\/pt-br\/","name":"CJ Waxing Academy","description":"","publisher":{"@id":"https:\/\/cjwaxingacademy.com\/pt-br\/#organization"},"alternateName":"Premium Professional Training \u2013 CJ Method","potentialAction":[{"@type":"SearchAction","target":{"@type":"EntryPoint","urlTemplate":"https:\/\/cjwaxingacademy.com\/pt-br\/?s={search_term_string}"},"query-input":{"@type":"PropertyValueSpecification","valueRequired":true,"valueName":"search_term_string"}}],"inLanguage":"pt-BR"},{"@type":"Organization","@id":"https:\/\/cjwaxingacademy.com\/pt-br\/#organization","name":"CJ Waxing Academy","alternateName":"Premium Professional Training \u2013 CJ Method","url":"https:\/\/cjwaxingacademy.com\/pt-br\/","logo":{"@type":"ImageObject","inLanguage":"pt-BR","@id":"https:\/\/cjwaxingacademy.com\/pt-br\/#\/schema\/logo\/image\/","url":"https:\/\/cjwaxingacademy.com\/wp-content\/uploads\/2026\/01\/Logo-CJ-Waxing-Academy.png","contentUrl":"https:\/\/cjwaxingacademy.com\/wp-content\/uploads\/2026\/01\/Logo-CJ-Waxing-Academy.png","width":640,"height":638,"caption":"CJ Waxing Academy"},"image":{"@id":"https:\/\/cjwaxingacademy.com\/pt-br\/#\/schema\/logo\/image\/"}}]}},"_links":{"self":[{"href":"https:\/\/cjwaxingacademy.com\/pt-br\/wp-json\/wp\/v2\/pages\/992","targetHints":{"allow":["GET"]}}],"collection":[{"href":"https:\/\/cjwaxingacademy.com\/pt-br\/wp-json\/wp\/v2\/pages"}],"about":[{"href":"https:\/\/cjwaxingacademy.com\/pt-br\/wp-json\/wp\/v2\/types\/page"}],"author":[{"embeddable":true,"href":"https:\/\/cjwaxingacademy.com\/pt-br\/wp-json\/wp\/v2\/users\/1"}],"replies":[{"embeddable":true,"href":"https:\/\/cjwaxingacademy.com\/pt-br\/wp-json\/wp\/v2\/comments?post=992"}],"version-history":[{"count":2,"href":"https:\/\/cjwaxingacademy.com\/pt-br\/wp-json\/wp\/v2\/pages\/992\/revisions"}],"predecessor-version":[{"id":1025,"href":"https:\/\/cjwaxingacademy.com\/pt-br\/wp-json\/wp\/v2\/pages\/992\/revisions\/1025"}],"wp:attachment":[{"href":"https:\/\/cjwaxingacademy.com\/pt-br\/wp-json\/wp\/v2\/media?parent=992"}],"curies":[{"name":"wp","href":"https:\/\/api.w.org\/{rel}","templated":true}]}}