{"id":995,"date":"2026-02-04T11:41:44","date_gmt":"2026-02-04T11:41:44","guid":{"rendered":"https:\/\/cjwaxingacademy.com\/politica-de-privacidade\/"},"modified":"2026-03-20T16:33:52","modified_gmt":"2026-03-20T16:33:52","slug":"politica-de-privacidade","status":"publish","type":"page","link":"https:\/\/cjwaxingacademy.com\/pt-br\/politica-de-privacidade\/","title":{"rendered":"Pol\u00edtica de Privacidade"},"content":{"rendered":"<p>[et_pb_section fb_built=&#8221;1&#8243; _builder_version=&#8221;4.16&#8243; _module_preset=&#8221;default&#8221; background_color=&#8221;#ffffff&#8221; custom_padding=&#8221;100px||60px||false|false&#8221; global_colors_info=&#8221;{}&#8221;][et_pb_row _builder_version=&#8221;4.16&#8243; _module_preset=&#8221;default&#8221; global_colors_info=&#8221;{}&#8221;][et_pb_column type=&#8221;4_4&#8243; _builder_version=&#8221;4.16&#8243; _module_preset=&#8221;default&#8221; global_colors_info=&#8221;{}&#8221;][et_pb_text _builder_version=&#8221;4.27.5&#8243; _module_preset=&#8221;default&#8221; header_font=&#8221;|&#8211;et_global_heading_font_weight|||||||&#8221; header_text_color=&#8221;#141414&#8243; header_font_size=&#8221;48px&#8221; text_orientation=&#8221;center&#8221; custom_margin=&#8221;||25px||false|false&#8221; header_font_size_tablet=&#8221;38px&#8221; header_font_size_phone=&#8221;32px&#8221; header_font_size_last_edited=&#8221;on|phone&#8221; global_colors_info=&#8221;{}&#8221;]<\/p>\n<h1>Pol\u00edtica de <span style=\"color: #df107a;\">Privacidade<\/span><\/h1>\n<p>[\/et_pb_text][et_pb_text _builder_version=&#8221;4.27.5&#8243; _module_preset=&#8221;default&#8221; text_font=&#8221;|&#8211;et_global_body_font_weight|||||||&#8221; text_text_color=&#8221;#555555&#8243; text_orientation=&#8221;center&#8221; max_width=&#8221;600px&#8221; module_alignment=&#8221;center&#8221; global_colors_info=&#8221;{}&#8221;]<\/p>\n<p>A CJWaxing Academy respeita sua privacidade e est\u00e1 comprometida em proteger os dados pessoais das suas alunas.<\/p>\n<p>[\/et_pb_text][\/et_pb_column][\/et_pb_row][\/et_pb_section][et_pb_section fb_built=&#8221;1&#8243; _builder_version=&#8221;4.16&#8243; _module_preset=&#8221;default&#8221; background_color=&#8221;#ffffff&#8221; custom_padding=&#8221;60px||90px||false|false&#8221; global_colors_info=&#8221;{}&#8221;][et_pb_row _builder_version=&#8221;4.16&#8243; _module_preset=&#8221;default&#8221; max_width=&#8221;800px&#8221; global_colors_info=&#8221;{}&#8221;][et_pb_column type=&#8221;4_4&#8243; _builder_version=&#8221;4.16&#8243; _module_preset=&#8221;default&#8221; global_colors_info=&#8221;{}&#8221;][et_pb_text _builder_version=&#8221;4.27.5&#8243; _module_preset=&#8221;default&#8221; header_3_font=&#8221;|&#8211;et_global_heading_font_weight|||||||&#8221; header_3_text_color=&#8221;#333333&#8243; header_3_font_size=&#8221;20px&#8221; custom_margin=&#8221;||15px||false|false&#8221; global_colors_info=&#8221;{}&#8221;]<\/p>\n<h3>1. Introdu\u00e7\u00e3o<\/h3>\n<p>[\/et_pb_text][et_pb_text _builder_version=&#8221;4.27.5&#8243; _module_preset=&#8221;default&#8221; text_font=&#8221;|&#8211;et_global_body_font_weight|||||||&#8221; text_text_color=&#8221;#555555&#8243; custom_margin=&#8221;||30px||false|false&#8221; global_colors_info=&#8221;{}&#8221;]<\/p>\n<p>A CJWaxing Academy respeita sua privacidade e est\u00e1 comprometida em proteger os dados pessoais das suas alunas. Esta Pol\u00edtica explica como coletamos, usamos, armazenamos e protegemos suas informa\u00e7\u00f5es. Ao acessar nosso site ou adquirir nossos cursos, voc\u00ea concorda com esta Pol\u00edtica.<\/p>\n<p>[\/et_pb_text][et_pb_text _builder_version=&#8221;4.27.5&#8243; _module_preset=&#8221;default&#8221; header_3_font=&#8221;|&#8211;et_global_heading_font_weight|||||||&#8221; header_3_text_color=&#8221;#333333&#8243; header_3_font_size=&#8221;20px&#8221; custom_margin=&#8221;||15px||false|false&#8221; global_colors_info=&#8221;{}&#8221;]<\/p>\n<h3>2. Informa\u00e7\u00f5es que coletamos<\/h3>\n<p>[\/et_pb_text][et_pb_text _builder_version=&#8221;4.27.5&#8243; _module_preset=&#8221;default&#8221; text_font=&#8221;|&#8211;et_global_body_font_weight|||||||&#8221; text_text_color=&#8221;#555555&#8243; custom_margin=&#8221;||30px||false|false&#8221; global_colors_info=&#8221;{}&#8221;]<\/p>\n<p>Podemos coletar: nome completo, e-mail, telefone (opcional), endere\u00e7o (para emiss\u00e3o de nota, quando aplic\u00e1vel), dados de pagamento (processados por intermediadores seguros), hist\u00f3rico de acesso ao curso, progresso das aulas, perguntas enviadas em formul\u00e1rios, arquivos anexados em d\u00favidas t\u00e9cnicas e informa\u00e7\u00f5es de navega\u00e7\u00e3o (cookies, IP, dispositivo).<\/p>\n<p>[\/et_pb_text][et_pb_text _builder_version=&#8221;4.27.5&#8243; _module_preset=&#8221;default&#8221; header_3_font=&#8221;|&#8211;et_global_heading_font_weight|||||||&#8221; header_3_text_color=&#8221;#333333&#8243; header_3_font_size=&#8221;20px&#8221; custom_margin=&#8221;||15px||false|false&#8221; global_colors_info=&#8221;{}&#8221;]<\/p>\n<h3>3. Como usamos suas informa\u00e7\u00f5es<\/h3>\n<p>[\/et_pb_text][et_pb_text _builder_version=&#8221;4.27.5&#8243; _module_preset=&#8221;default&#8221; text_font=&#8221;|&#8211;et_global_body_font_weight|||||||&#8221; text_text_color=&#8221;#555555&#8243; custom_margin=&#8221;||30px||false|false&#8221; global_colors_info=&#8221;{}&#8221;]<\/p>\n<p>Os dados coletados podem ser utilizados para: liberar o acesso ao curso adquirido, enviar informa\u00e7\u00f5es sobre aulas, suporte e atualiza\u00e7\u00f5es, emitir certificados, identificar seu progresso, entregar b\u00f4nus e benef\u00edcios (como \u00c1rea VIP, quando aplic\u00e1vel), garantir seguran\u00e7a e preven\u00e7\u00e3o contra fraudes, atendimento ao cliente e comunica\u00e7\u00e3o institucional (n\u00e3o enviamos spam).<\/p>\n<p>[\/et_pb_text][et_pb_text _builder_version=&#8221;4.27.5&#8243; _module_preset=&#8221;default&#8221; header_3_font=&#8221;|&#8211;et_global_heading_font_weight|||||||&#8221; header_3_text_color=&#8221;#333333&#8243; header_3_font_size=&#8221;20px&#8221; custom_margin=&#8221;||15px||false|false&#8221; global_colors_info=&#8221;{}&#8221;]<\/p>\n<h3>4. Compartilhamento de informa\u00e7\u00f5es<\/h3>\n<p>[\/et_pb_text][et_pb_text _builder_version=&#8221;4.27.5&#8243; _module_preset=&#8221;default&#8221; text_font=&#8221;|&#8211;et_global_body_font_weight|||||||&#8221; text_text_color=&#8221;#555555&#8243; custom_margin=&#8221;||30px||false|false&#8221; global_colors_info=&#8221;{}&#8221;]<\/p>\n<p>A CJWaxing Academy n\u00e3o vende nem cede seus dados a terceiros. Informa\u00e7\u00f5es podem ser compartilhadas apenas com: plataformas de pagamento (ex.: Stripe, PayPal e outros intermediadores), servi\u00e7os de hospedagem e seguran\u00e7a do site, equipe interna respons\u00e1vel pelo suporte e obriga\u00e7\u00f5es legais (se exigido por autoridade competente).<\/p>\n<p>[\/et_pb_text][et_pb_text _builder_version=&#8221;4.27.5&#8243; _module_preset=&#8221;default&#8221; header_3_font=&#8221;|&#8211;et_global_heading_font_weight|||||||&#8221; header_3_text_color=&#8221;#333333&#8243; header_3_font_size=&#8221;20px&#8221; custom_margin=&#8221;||15px||false|false&#8221; global_colors_info=&#8221;{}&#8221;]<\/p>\n<h3>5. Armazenamento e seguran\u00e7a<\/h3>\n<p>[\/et_pb_text][et_pb_text _builder_version=&#8221;4.27.5&#8243; _module_preset=&#8221;default&#8221; text_font=&#8221;|&#8211;et_global_body_font_weight|||||||&#8221; text_text_color=&#8221;#555555&#8243; custom_margin=&#8221;||30px||false|false&#8221; global_colors_info=&#8221;{}&#8221;]<\/p>\n<p>Os dados s\u00e3o armazenados em servidores seguros. Adotamos medidas t\u00e9cnicas e administrativas para proteger suas informa\u00e7\u00f5es contra acesso n\u00e3o autorizado, altera\u00e7\u00e3o, perda e divulga\u00e7\u00e3o indevida.<\/p>\n<p>[\/et_pb_text][et_pb_text _builder_version=&#8221;4.27.5&#8243; _module_preset=&#8221;default&#8221; header_3_font=&#8221;|&#8211;et_global_heading_font_weight|||||||&#8221; header_3_text_color=&#8221;#333333&#8243; header_3_font_size=&#8221;20px&#8221; custom_margin=&#8221;||15px||false|false&#8221; global_colors_info=&#8221;{}&#8221;]<\/p>\n<h3>6. Cookies<\/h3>\n<p>[\/et_pb_text][et_pb_text _builder_version=&#8221;4.27.5&#8243; _module_preset=&#8221;default&#8221; text_font=&#8221;|&#8211;et_global_body_font_weight|||||||&#8221; text_text_color=&#8221;#555555&#8243; custom_margin=&#8221;||30px||false|false&#8221; global_colors_info=&#8221;{}&#8221;]<\/p>\n<p>Utilizamos cookies para: melhorar a experi\u00eancia no site, lembrar prefer\u00eancias, analisar navega\u00e7\u00e3o e personalizar conte\u00fado. Voc\u00ea pode controlar cookies no pr\u00f3prio navegador.<\/p>\n<p>[\/et_pb_text][et_pb_code _builder_version=&#8221;4.27.5&#8243; _module_preset=&#8221;default&#8221; custom_margin=&#8221;20px||30px||false|false&#8221; global_colors_info=&#8221;{}&#8221;]<a href='#' class='diffuse-cookie-settings' style='display:inline-block;background:#df107a;color:#ffffff;padding:14px 36px;font-family:Poppins,sans-serif;font-size:14px;font-weight:500;text-decoration:none;border:none;cursor:pointer;transition:all 0.3s ease;'>Alterar Configura\u00e7\u00f5es de Cookies<\/a>[\/et_pb_code][et_pb_text _builder_version=&#8221;4.27.5&#8243; _module_preset=&#8221;default&#8221; header_3_font=&#8221;|&#8211;et_global_heading_font_weight|||||||&#8221; header_3_text_color=&#8221;#333333&#8243; header_3_font_size=&#8221;20px&#8221; custom_margin=&#8221;||15px||false|false&#8221; global_colors_info=&#8221;{}&#8221;]<\/p>\n<h3>7. Seus direitos<\/h3>\n<p>[\/et_pb_text][et_pb_text _builder_version=&#8221;4.27.5&#8243; _module_preset=&#8221;default&#8221; text_font=&#8221;|&#8211;et_global_body_font_weight|||||||&#8221; text_text_color=&#8221;#555555&#8243; custom_margin=&#8221;||30px||false|false&#8221; global_colors_info=&#8221;{}&#8221;]<\/p>\n<p>Voc\u00ea pode: solicitar altera\u00e7\u00e3o de dados, solicitar exclus\u00e3o definitiva da conta, solicitar informa\u00e7\u00f5es sobre quais dados mantemos e cancelar comunica\u00e7\u00f5es. Basta enviar e-mail para o nosso suporte oficial.<\/p>\n<p>[\/et_pb_text][et_pb_text _builder_version=&#8221;4.27.5&#8243; _module_preset=&#8221;default&#8221; header_3_font=&#8221;|&#8211;et_global_heading_font_weight|||||||&#8221; header_3_text_color=&#8221;#333333&#8243; header_3_font_size=&#8221;20px&#8221; custom_margin=&#8221;||15px||false|false&#8221; global_colors_info=&#8221;{}&#8221;]<\/p>\n<h3>8. Altera\u00e7\u00f5es nesta Pol\u00edtica<\/h3>\n<p>[\/et_pb_text][et_pb_text _builder_version=&#8221;4.27.5&#8243; _module_preset=&#8221;default&#8221; text_font=&#8221;|&#8211;et_global_body_font_weight|||||||&#8221; text_text_color=&#8221;#555555&#8243; custom_margin=&#8221;||30px||false|false&#8221; global_colors_info=&#8221;{}&#8221;]<\/p>\n<p>Esta Pol\u00edtica pode ser atualizada a qualquer momento. Toda altera\u00e7\u00e3o ser\u00e1 publicada nesta p\u00e1gina.<\/p>\n<p>[\/et_pb_text][et_pb_text _builder_version=&#8221;4.27.5&#8243; _module_preset=&#8221;default&#8221; header_3_font=&#8221;|&#8211;et_global_heading_font_weight|||||||&#8221; header_3_text_color=&#8221;#333333&#8243; header_3_font_size=&#8221;20px&#8221; custom_margin=&#8221;||15px||false|false&#8221; global_colors_info=&#8221;{}&#8221;]<\/p>\n<h3>9. Contato<\/h3>\n<p>[\/et_pb_text][et_pb_text _builder_version=&#8221;4.27.5&#8243; _module_preset=&#8221;default&#8221; text_font=&#8221;|&#8211;et_global_body_font_weight|||||||&#8221; text_text_color=&#8221;#555555&#8243; global_colors_info=&#8221;{}&#8221;]<\/p>\n<p>E-mail oficial da CJWaxing Academy: <span style=\"color: #df107a;\">support@cjwaxingacademy.com<\/span><\/p>\n<p>[\/et_pb_text][\/et_pb_column][\/et_pb_row][\/et_pb_section][et_pb_section fb_built=&#8221;1&#8243; _builder_version=&#8221;4.16&#8243; _module_preset=&#8221;default&#8221; background_color=&#8221;#ffffff&#8221; custom_padding=&#8221;60px||4px||false|false&#8221; global_colors_info=&#8221;{}&#8221;][et_pb_row column_structure=&#8221;1_3,1_3,1_3&#8243; _builder_version=&#8221;4.16&#8243; _module_preset=&#8221;default&#8221; global_colors_info=&#8221;{}&#8221;][et_pb_column type=&#8221;1_3&#8243; _builder_version=&#8221;4.16&#8243; _module_preset=&#8221;default&#8221; global_colors_info=&#8221;{}&#8221;][et_pb_blurb title=&#8221;E-mail&#8221; use_icon=&#8221;on&#8221; font_icon=&#8221;&#xe076;||divi||400&#8243; icon_placement=&#8221;left&#8221; url=&#8221;mailto:support@cjwaxingacademy.com&#8221; _builder_version=&#8221;4.27.5&#8243; _module_preset=&#8221;default&#8221; header_font=&#8221;|&#8211;et_global_heading_font_weight|||||||&#8221; header_text_color=&#8221;#333333&#8243; header_font_size=&#8221;14px&#8221; body_font=&#8221;|&#8211;et_global_body_font_weight|||||||&#8221; body_text_color=&#8221;#555555&#8243; body_font_size=&#8221;14px&#8221; body_line_height=&#8221;1.6em&#8221; global_colors_info=&#8221;{}&#8221;]support@cjwaxingacademy.com[\/et_pb_blurb][\/et_pb_column][et_pb_column type=&#8221;1_3&#8243; _builder_version=&#8221;4.16&#8243; _module_preset=&#8221;default&#8221; global_colors_info=&#8221;{}&#8221;][et_pb_blurb title=&#8221;Plataforma&#8221; use_icon=&#8221;on&#8221; font_icon=&#8221;&#xe07c;||divi||400&#8243; icon_placement=&#8221;left&#8221; _builder_version=&#8221;4.27.5&#8243; _module_preset=&#8221;default&#8221; header_font=&#8221;|&#8211;et_global_heading_font_weight|||||||&#8221; header_text_color=&#8221;#333333&#8243; header_font_size=&#8221;14px&#8221; body_font=&#8221;|&#8211;et_global_body_font_weight|||||||&#8221; body_text_color=&#8221;#555555&#8243; body_font_size=&#8221;14px&#8221; global_colors_info=&#8221;{}&#8221;]<\/p>\n<p>100% Online \u2022 Acesso Seguro<\/p>\n<p>[\/et_pb_blurb][\/et_pb_column][et_pb_column type=&#8221;1_3&#8243; _builder_version=&#8221;4.16&#8243; _module_preset=&#8221;default&#8221; global_colors_info=&#8221;{}&#8221;][et_pb_blurb title=&#8221;Internacional&#8221; use_icon=&#8221;on&#8221; font_icon=&#8221;&#xe0e3;||divi||400&#8243; icon_placement=&#8221;left&#8221; _builder_version=&#8221;4.27.5&#8243; _module_preset=&#8221;default&#8221; header_font=&#8221;|&#8211;et_global_heading_font_weight|||||||&#8221; header_text_color=&#8221;#333333&#8243; header_font_size=&#8221;14px&#8221; body_font=&#8221;|&#8211;et_global_body_font_weight|||||||&#8221; body_text_color=&#8221;#555555&#8243; body_font_size=&#8221;14px&#8221; body_line_height=&#8221;1.6em&#8221; global_colors_info=&#8221;{}&#8221;]<\/p>\n<p>Dispon\u00edvel em qualquer pa\u00eds do mundo<\/p>\n<p>[\/et_pb_blurb][\/et_pb_column][\/et_pb_row][et_pb_row _builder_version=&#8221;4.27.5&#8243; _module_preset=&#8221;default&#8221; custom_margin=&#8221;15px||||false|false&#8221; custom_padding=&#8221;0px||||false|false&#8221; global_colors_info=&#8221;{}&#8221;][et_pb_column type=&#8221;4_4&#8243; _builder_version=&#8221;4.27.5&#8243; _module_preset=&#8221;default&#8221; global_colors_info=&#8221;{}&#8221;][et_pb_text _builder_version=&#8221;4.27.5&#8243; _module_preset=&#8221;default&#8221; text_font=&#8221;|&#8211;et_global_body_font_weight|||||||&#8221; text_text_color=&#8221;#555555&#8243; text_font_size=&#8221;13px&#8221; text_orientation=&#8221;center&#8221; global_colors_info=&#8221;{}&#8221;]<\/p>\n<p><a href=\"https:\/\/cjwaxingacademy.com\/pt-br\/politica-de-privacidade\/\" style=\"color:#555555;text-decoration:none;\">Pol\u00edtica de Privacidade<\/a> \u2022 <a href=\"https:\/\/cjwaxingacademy.com\/pt-br\/termos-de-uso\/\" style=\"color:#555555;text-decoration:none;\">Termos de Uso<\/a> \u2022 <a href=\"https:\/\/cjwaxingacademy.com\/pt-br\/politica-de-reembolso\/\" style=\"color:#555555;text-decoration:none;\">Pol\u00edtica de Reembolso<\/a><\/p>\n<p>[\/et_pb_text][\/et_pb_column][\/et_pb_row][\/et_pb_section]<\/p>\n","protected":false},"excerpt":{"rendered":"<p>Pol\u00edtica de PrivacidadeA CJWaxing Academy respeita sua privacidade e est\u00e1 comprometida em proteger os dados pessoais das suas alunas.1. Introdu\u00e7\u00e3oA CJWaxing Academy respeita sua privacidade e est\u00e1 comprometida em proteger os dados pessoais das suas alunas. Esta Pol\u00edtica explica como coletamos, usamos, armazenamos e protegemos suas informa\u00e7\u00f5es. Ao acessar nosso site ou adquirir nossos cursos, [&hellip;]<\/p>\n","protected":false},"author":1,"featured_media":0,"parent":0,"menu_order":0,"comment_status":"closed","ping_status":"closed","template":"","meta":{"_et_pb_use_builder":"on","_et_pb_old_content":"","_et_gb_content_width":"","footnotes":""},"class_list":["post-995","page","type-page","status-publish","hentry"],"yoast_head":"<!-- This site is optimized with the Yoast SEO plugin v27.4 - https:\/\/yoast.com\/product\/yoast-seo-wordpress\/ -->\n<title>Pol\u00edtica de Privacidade - CJ Waxing Academy<\/title>\n<meta name=\"description\" content=\"CJ Waxing Academy - Premium Professional Training \u2013 CJ Method - European Standard of Excellence in Waxing. Online Training. This is not just technique. It is method. It is CJ standard.\" \/>\n<meta name=\"robots\" content=\"noindex, nofollow\" \/>\n<meta property=\"og:locale\" content=\"pt_BR\" \/>\n<meta property=\"og:type\" content=\"article\" \/>\n<meta property=\"og:title\" content=\"Pol\u00edtica de Privacidade - CJ Waxing Academy\" \/>\n<meta property=\"og:description\" content=\"CJ Waxing Academy - Premium Professional Training \u2013 CJ Method - European Standard of Excellence in Waxing. Online Training. This is not just technique. It is method. It is CJ standard.\" \/>\n<meta property=\"og:url\" content=\"https:\/\/cjwaxingacademy.com\/pt-br\/politica-de-privacidade\/\" \/>\n<meta property=\"og:site_name\" content=\"CJ Waxing Academy\" \/>\n<meta property=\"article:modified_time\" content=\"2026-03-20T16:33:52+00:00\" \/>\n<meta property=\"og:image\" content=\"https:\/\/cjwaxingacademy.com\/wp-content\/uploads\/2026\/03\/Social-Share-CJ-Waxing-Academy-resize-Yoast.jpg\" \/>\n\t<meta property=\"og:image:width\" content=\"1200\" \/>\n\t<meta property=\"og:image:height\" content=\"675\" \/>\n\t<meta property=\"og:image:type\" content=\"image\/jpeg\" \/>\n<meta name=\"twitter:card\" content=\"summary_large_image\" \/>\n<meta name=\"twitter:label1\" content=\"Est. tempo de leitura\" \/>\n\t<meta name=\"twitter:data1\" content=\"8 minutos\" \/>\n<script type=\"application\/ld+json\" class=\"yoast-schema-graph\">{\"@context\":\"https:\\\/\\\/schema.org\",\"@graph\":[{\"@type\":\"WebPage\",\"@id\":\"https:\\\/\\\/cjwaxingacademy.com\\\/pt-br\\\/politica-de-privacidade\\\/\",\"url\":\"https:\\\/\\\/cjwaxingacademy.com\\\/pt-br\\\/politica-de-privacidade\\\/\",\"name\":\"Pol\u00edtica de Privacidade - CJ Waxing Academy\",\"isPartOf\":{\"@id\":\"https:\\\/\\\/cjwaxingacademy.com\\\/pt-br\\\/#website\"},\"datePublished\":\"2026-02-04T11:41:44+00:00\",\"dateModified\":\"2026-03-20T16:33:52+00:00\",\"description\":\"CJ Waxing Academy - Premium Professional Training \u2013 CJ Method - European Standard of Excellence in Waxing. Online Training. This is not just technique. It is method. It is CJ standard.\",\"breadcrumb\":{\"@id\":\"https:\\\/\\\/cjwaxingacademy.com\\\/pt-br\\\/politica-de-privacidade\\\/#breadcrumb\"},\"inLanguage\":\"pt-BR\",\"potentialAction\":[{\"@type\":\"ReadAction\",\"target\":[\"https:\\\/\\\/cjwaxingacademy.com\\\/pt-br\\\/politica-de-privacidade\\\/\"]}]},{\"@type\":\"BreadcrumbList\",\"@id\":\"https:\\\/\\\/cjwaxingacademy.com\\\/pt-br\\\/politica-de-privacidade\\\/#breadcrumb\",\"itemListElement\":[{\"@type\":\"ListItem\",\"position\":1,\"name\":\"Home\",\"item\":\"https:\\\/\\\/cjwaxingacademy.com\\\/pt-br\\\/\"},{\"@type\":\"ListItem\",\"position\":2,\"name\":\"Pol\u00edtica de Privacidade\"}]},{\"@type\":\"WebSite\",\"@id\":\"https:\\\/\\\/cjwaxingacademy.com\\\/pt-br\\\/#website\",\"url\":\"https:\\\/\\\/cjwaxingacademy.com\\\/pt-br\\\/\",\"name\":\"CJ Waxing Academy\",\"description\":\"\",\"publisher\":{\"@id\":\"https:\\\/\\\/cjwaxingacademy.com\\\/pt-br\\\/#organization\"},\"alternateName\":\"Premium Professional Training \u2013 CJ Method\",\"potentialAction\":[{\"@type\":\"SearchAction\",\"target\":{\"@type\":\"EntryPoint\",\"urlTemplate\":\"https:\\\/\\\/cjwaxingacademy.com\\\/pt-br\\\/?s={search_term_string}\"},\"query-input\":{\"@type\":\"PropertyValueSpecification\",\"valueRequired\":true,\"valueName\":\"search_term_string\"}}],\"inLanguage\":\"pt-BR\"},{\"@type\":\"Organization\",\"@id\":\"https:\\\/\\\/cjwaxingacademy.com\\\/pt-br\\\/#organization\",\"name\":\"CJ Waxing Academy\",\"alternateName\":\"Premium Professional Training \u2013 CJ Method\",\"url\":\"https:\\\/\\\/cjwaxingacademy.com\\\/pt-br\\\/\",\"logo\":{\"@type\":\"ImageObject\",\"inLanguage\":\"pt-BR\",\"@id\":\"https:\\\/\\\/cjwaxingacademy.com\\\/pt-br\\\/#\\\/schema\\\/logo\\\/image\\\/\",\"url\":\"https:\\\/\\\/cjwaxingacademy.com\\\/wp-content\\\/uploads\\\/2026\\\/01\\\/Logo-CJ-Waxing-Academy.png\",\"contentUrl\":\"https:\\\/\\\/cjwaxingacademy.com\\\/wp-content\\\/uploads\\\/2026\\\/01\\\/Logo-CJ-Waxing-Academy.png\",\"width\":640,\"height\":638,\"caption\":\"CJ Waxing Academy\"},\"image\":{\"@id\":\"https:\\\/\\\/cjwaxingacademy.com\\\/pt-br\\\/#\\\/schema\\\/logo\\\/image\\\/\"}}]}<\/script>\n<!-- \/ Yoast SEO plugin. -->","yoast_head_json":{"title":"Pol\u00edtica de Privacidade - CJ Waxing Academy","description":"CJ Waxing Academy - Premium Professional Training \u2013 CJ Method - European Standard of Excellence in Waxing. Online Training. This is not just technique. It is method. It is CJ standard.","robots":{"index":"noindex","follow":"nofollow"},"og_locale":"pt_BR","og_type":"article","og_title":"Pol\u00edtica de Privacidade - CJ Waxing Academy","og_description":"CJ Waxing Academy - Premium Professional Training \u2013 CJ Method - European Standard of Excellence in Waxing. Online Training. This is not just technique. It is method. It is CJ standard.","og_url":"https:\/\/cjwaxingacademy.com\/pt-br\/politica-de-privacidade\/","og_site_name":"CJ Waxing Academy","article_modified_time":"2026-03-20T16:33:52+00:00","og_image":[{"width":1200,"height":675,"url":"https:\/\/cjwaxingacademy.com\/wp-content\/uploads\/2026\/03\/Social-Share-CJ-Waxing-Academy-resize-Yoast.jpg","type":"image\/jpeg"}],"twitter_card":"summary_large_image","twitter_misc":{"Est. tempo de leitura":"8 minutos"},"schema":{"@context":"https:\/\/schema.org","@graph":[{"@type":"WebPage","@id":"https:\/\/cjwaxingacademy.com\/pt-br\/politica-de-privacidade\/","url":"https:\/\/cjwaxingacademy.com\/pt-br\/politica-de-privacidade\/","name":"Pol\u00edtica de Privacidade - CJ Waxing Academy","isPartOf":{"@id":"https:\/\/cjwaxingacademy.com\/pt-br\/#website"},"datePublished":"2026-02-04T11:41:44+00:00","dateModified":"2026-03-20T16:33:52+00:00","description":"CJ Waxing Academy - Premium Professional Training \u2013 CJ Method - European Standard of Excellence in Waxing. Online Training. This is not just technique. It is method. It is CJ standard.","breadcrumb":{"@id":"https:\/\/cjwaxingacademy.com\/pt-br\/politica-de-privacidade\/#breadcrumb"},"inLanguage":"pt-BR","potentialAction":[{"@type":"ReadAction","target":["https:\/\/cjwaxingacademy.com\/pt-br\/politica-de-privacidade\/"]}]},{"@type":"BreadcrumbList","@id":"https:\/\/cjwaxingacademy.com\/pt-br\/politica-de-privacidade\/#breadcrumb","itemListElement":[{"@type":"ListItem","position":1,"name":"Home","item":"https:\/\/cjwaxingacademy.com\/pt-br\/"},{"@type":"ListItem","position":2,"name":"Pol\u00edtica de Privacidade"}]},{"@type":"WebSite","@id":"https:\/\/cjwaxingacademy.com\/pt-br\/#website","url":"https:\/\/cjwaxingacademy.com\/pt-br\/","name":"CJ Waxing Academy","description":"","publisher":{"@id":"https:\/\/cjwaxingacademy.com\/pt-br\/#organization"},"alternateName":"Premium Professional Training \u2013 CJ Method","potentialAction":[{"@type":"SearchAction","target":{"@type":"EntryPoint","urlTemplate":"https:\/\/cjwaxingacademy.com\/pt-br\/?s={search_term_string}"},"query-input":{"@type":"PropertyValueSpecification","valueRequired":true,"valueName":"search_term_string"}}],"inLanguage":"pt-BR"},{"@type":"Organization","@id":"https:\/\/cjwaxingacademy.com\/pt-br\/#organization","name":"CJ Waxing Academy","alternateName":"Premium Professional Training \u2013 CJ Method","url":"https:\/\/cjwaxingacademy.com\/pt-br\/","logo":{"@type":"ImageObject","inLanguage":"pt-BR","@id":"https:\/\/cjwaxingacademy.com\/pt-br\/#\/schema\/logo\/image\/","url":"https:\/\/cjwaxingacademy.com\/wp-content\/uploads\/2026\/01\/Logo-CJ-Waxing-Academy.png","contentUrl":"https:\/\/cjwaxingacademy.com\/wp-content\/uploads\/2026\/01\/Logo-CJ-Waxing-Academy.png","width":640,"height":638,"caption":"CJ Waxing Academy"},"image":{"@id":"https:\/\/cjwaxingacademy.com\/pt-br\/#\/schema\/logo\/image\/"}}]}},"_links":{"self":[{"href":"https:\/\/cjwaxingacademy.com\/pt-br\/wp-json\/wp\/v2\/pages\/995","targetHints":{"allow":["GET"]}}],"collection":[{"href":"https:\/\/cjwaxingacademy.com\/pt-br\/wp-json\/wp\/v2\/pages"}],"about":[{"href":"https:\/\/cjwaxingacademy.com\/pt-br\/wp-json\/wp\/v2\/types\/page"}],"author":[{"embeddable":true,"href":"https:\/\/cjwaxingacademy.com\/pt-br\/wp-json\/wp\/v2\/users\/1"}],"replies":[{"embeddable":true,"href":"https:\/\/cjwaxingacademy.com\/pt-br\/wp-json\/wp\/v2\/comments?post=995"}],"version-history":[{"count":2,"href":"https:\/\/cjwaxingacademy.com\/pt-br\/wp-json\/wp\/v2\/pages\/995\/revisions"}],"predecessor-version":[{"id":1018,"href":"https:\/\/cjwaxingacademy.com\/pt-br\/wp-json\/wp\/v2\/pages\/995\/revisions\/1018"}],"wp:attachment":[{"href":"https:\/\/cjwaxingacademy.com\/pt-br\/wp-json\/wp\/v2\/media?parent=995"}],"curies":[{"name":"wp","href":"https:\/\/api.w.org\/{rel}","templated":true}]}}